{"id":54,"date":"2023-06-01T12:45:36","date_gmt":"2023-06-01T12:45:36","guid":{"rendered":"http:\/\/explore.ifobl.com\/?page_id=54"},"modified":"2025-02-26T11:41:21","modified_gmt":"2025-02-26T11:41:21","slug":"impressum","status":"publish","type":"page","link":"https:\/\/explore.ifobl.com\/en\/impressum\/","title":{"rendered":"Imprint"},"content":{"rendered":"<div data-elementor-type=\"wp-page\" data-elementor-id=\"54\" class=\"elementor elementor-54\" data-elementor-post-type=\"page\">\n\t\t\t\t\t\t<section class=\"elementor-section elementor-top-section elementor-element elementor-element-5e9c1bd1 elementor-section-boxed elementor-section-height-default elementor-section-height-default\" data-id=\"5e9c1bd1\" data-element_type=\"section\" data-e-type=\"section\">\n\t\t\t\t\t\t<div class=\"elementor-container elementor-column-gap-default\">\n\t\t\t\t\t<div class=\"elementor-column elementor-col-100 elementor-top-column elementor-element elementor-element-3023c1b1\" data-id=\"3023c1b1\" data-element_type=\"column\" data-e-type=\"column\">\n\t\t\t<div class=\"elementor-widget-wrap elementor-element-populated\">\n\t\t\t\t\t\t<div class=\"elementor-element elementor-element-2ca11842 elementor-widget elementor-widget-text-editor\" data-id=\"2ca11842\" data-element_type=\"widget\" data-e-type=\"widget\" data-widget_type=\"text-editor.default\">\n\t\t\t\t<div class=\"elementor-widget-container\">\n\t\t\t\t\t\t\t\t\t<h1><\/h1>\n<p><!-- \/wp:heading --><\/p>\n<p><!-- wp:paragraph --><\/p>\n<p>Informationen gem\u00e4\u00df den Anforderungen des Telemediengesetzes (TMG)<\/p>\n<p><!-- \/wp:paragraph --><\/p>\n<p><!-- wp:paragraph --><\/p>\n<p>Verantwortlich<\/p>\n<p><!-- \/wp:paragraph --><\/p>\n<p><!-- wp:paragraph --><\/p>\n<p>International Federation of Business Leaders eG<\/p>\n<p><!-- \/wp:paragraph --><\/p>\n<p><!-- wp:paragraph --><\/p>\n<p>Vertretungsberechtigte Person: Daniel Stumpf (Vorstand)<\/p>\n<p><!-- \/wp:paragraph --><\/p>\n<p><!-- wp:paragraph --><\/p>\n<p>Contact<\/p>\n<p><!-- \/wp:paragraph --><\/p>\n<p><!-- wp:paragraph --><\/p>\n<p>International Federation of Business Leaders eG<\/p>\n<p><!-- \/wp:paragraph --><\/p>\n<p><!-- wp:paragraph --><\/p>\n<p>Virchowstr. 20<\/p>\n<p><!-- \/wp:paragraph --><\/p>\n<p><!-- wp:paragraph --><\/p>\n<p>90409 N\u00fcrnberg<\/p>\n<p><!-- \/wp:paragraph --><\/p>\n<p><!-- wp:paragraph --><\/p>\n<p>E-Mail: <a href=\"mailto:contact@ifobl.com\">contact@ifobl.com<\/a><\/p>\n<p><!-- \/wp:paragraph --><\/p>\n<p><!-- wp:paragraph --><\/p>\n<p>Telefon: +49 911 477 926-0<\/p>\n<p><!-- \/wp:paragraph --><\/p>\n<p><!-- wp:paragraph --><\/p>\n<p>Aufsichtsbeh\u00f6rde:&nbsp;<span style=\"font-size: inherit;\">S\u00e4chsisches Staatsministerium f\u00fcr Wirtschaft, Arbeit und Verkehr,&nbsp;<\/span><span style=\"font-size: inherit;\">Wilhelm-Buck-Stra\u00dfe 2,&nbsp;<\/span><span style=\"font-size: inherit;\">01097 Dresden<\/span><\/p>\n<p><!-- \/wp:paragraph --><\/p>\n<p><!-- wp:paragraph --><\/p>\n<p>Genossenschaftsregister des Amtsgerichts N\u00fcrnberg GnR 365<\/p>\n<p><!-- \/wp:paragraph --><\/p>\n<p><!-- wp:paragraph --><\/p>\n<p>Umsatzsteuer-Identifikationsnummer (USt-IdNr.)<\/p>\n<p><!-- \/wp:paragraph --><\/p>\n<p><!-- wp:paragraph --><\/p>\n<p>DE 368238988<\/p>\n<p><!-- \/wp:paragraph --><\/p>\n<p><!-- wp:paragraph --><\/p>\n<p>Mitglied im Pr\u00fcfungsverband GVTS-Genossenschaftsverband Th\u00fcringen-Sachsen e.V. mit Sitz in 09114 Chemnitz, Sandweg 39.<\/p>\n<p>D&amp;B D-U-N-S\u00ae-Nummer: 315647303<\/p><p>Die D-U-N-S Nummer (Data Universal Numbering System) ist ein durch &#8222;Dun &amp; Bradstreet&#8220; entwickelter und heute international als Standard eingesetzter Zahlencode zur eindeutigen Identifizierung von Unternehmen. Die D-U-N-S Nummer gilt weltweit als einzigartiges Identifizierungsmerkmal von Unternehmen und ist von den Vereinten Nationen, der Europ\u00e4ischen Kommission, dem Verband der Automobilindustrie e.V. (VDA), dem Verband der chemischen Industrie e.V. (VCI) und der ISO eingesetzt, anerkannt und empfohlen.<\/p>\n<p><span style=\"font-size: inherit;\">Die International Federation of Business Leaders eG (IFoBL) ist bem\u00fcht, auf ihrer Website stets richtige, aktuelle und vollst\u00e4ndige Informationen bereitzustellen und \u00e4ndert oder erg\u00e4nzt diese daher bei Bedarf laufend und ohne vorherige Ank\u00fcndigung. Dennoch m\u00fcssen wir f\u00fcr Korrektheit, Aktualit\u00e4t und Vollst\u00e4ndigkeit jede Gew\u00e4hr, Haftung oder Garantie ausschlie\u00dfen. Dies gilt auch f\u00fcr alle Verweise, so genannte &#8218;Hyperlinks&#8216;, die IFoBL auf ihrer Website direkt oder indirekt anbietet. IFoBL kann f\u00fcr die Inhalte solcher externer Internet-Auftritte, die Sie mittels eines Links oder sonstiger Hinweise erreichen, keine Verantwortung \u00fcbernehmen. Ferner haftet IFoBL nicht f\u00fcr direkte oder indirekte Sch\u00e4den (inkl. entgangener Gewinne), die auf Informationen zur\u00fcckgef\u00fchrt werden k\u00f6nnen, die auf diesen externen Internet-Auftritten stehen.<\/span><\/p>\n<p><!-- \/wp:paragraph --><\/p>\n<p><!-- wp:paragraph --><\/p>\n<p>IFoBL ist weder bereit noch verpflichtet, an Streitbeilegungsverfahren vor einer Verbraucherschlichtungsstelle teilzunehmen.<\/p>\n<p><!-- \/wp:paragraph --><\/p>\n<p><!-- wp:paragraph --><\/p>\n<p>Anti-Scientology-Erkl\u00e4rung<\/p>\n<p><!-- \/wp:paragraph --><\/p>\n<p><!-- wp:paragraph --><\/p>\n<p>IFoBL erkl\u00e4rt hiermit f\u00fcr sich und alle durch IFoBL eingesetzten Mitarbeiter:<\/p>\n<p><!-- \/wp:paragraph --><\/p>\n<p><!-- wp:paragraph --><\/p>\n<p>Nicht nach der Technologie von Lafayette Ronald Hubbard (z.B. der Technology zur F\u00fchrung eines Unternehmens) und\/oder sonst einer mit Scientology zusammenh\u00e4ngenden Technologie zu arbeiten, sondern sie vollst\u00e4ndig abzulehnen.<\/p>\n<p><!-- \/wp:paragraph --><\/p>\n<p><!-- wp:paragraph --><\/p>\n<p>Keine Schulungen, Kurse oder Seminare nach den genannten Technologien zu besuchen oder bei anderen daf\u00fcr zu werben.<\/p>\n<p><!-- \/wp:paragraph --><\/p>\n<p><!-- wp:paragraph --><\/p>\n<p>Nicht Mitglied der IAS (International Association of Scientologists) zu sein.<\/p>\n<p><!-- \/wp:paragraph --><\/p>\n<p><!-- wp:spacer {\"height\":\"50px\"} --><\/p>\n<div style=\"height: 50px;\" aria-hidden=\"true\"><\/div>\n<p><!-- \/wp:spacer --><\/p>\t\t\t\t\t\t\t\t<\/div>\n\t\t\t\t<\/div>\n\t\t\t\t\t<\/div>\n\t\t<\/div>\n\t\t\t\t\t<\/div>\n\t\t<\/section>\n\t\t\t\t<\/div>","protected":false},"excerpt":{"rendered":"<p>Informationen gem\u00e4\u00df den Anforderungen des Telemediengesetzes (TMG) Verantwortlich International Federation of Business Leaders eG Vertretungsberechtigte Person: Daniel Stumpf (Vorstand) Kontakt International Federation of Business Leaders eG Virchowstr. 20 90409 N\u00fcrnberg E-Mail: contact@ifobl.com Telefon: +49 911 477 926-0 Aufsichtsbeh\u00f6rde:&nbsp;S\u00e4chsisches Staatsministerium f\u00fcr Wirtschaft, Arbeit und Verkehr,&nbsp;Wilhelm-Buck-Stra\u00dfe 2,&nbsp;01097 Dresden Genossenschaftsregister des Amtsgerichts N\u00fcrnberg [&hellip;]<\/p>","protected":false},"author":1,"featured_media":0,"parent":0,"menu_order":0,"comment_status":"closed","ping_status":"closed","template":"","meta":{"footnotes":""},"class_list":["post-54","page","type-page","status-publish","hentry"],"_links":{"self":[{"href":"https:\/\/explore.ifobl.com\/en\/wp-json\/wp\/v2\/pages\/54","targetHints":{"allow":["GET"]}}],"collection":[{"href":"https:\/\/explore.ifobl.com\/en\/wp-json\/wp\/v2\/pages"}],"about":[{"href":"https:\/\/explore.ifobl.com\/en\/wp-json\/wp\/v2\/types\/page"}],"author":[{"embeddable":true,"href":"https:\/\/explore.ifobl.com\/en\/wp-json\/wp\/v2\/users\/1"}],"replies":[{"embeddable":true,"href":"https:\/\/explore.ifobl.com\/en\/wp-json\/wp\/v2\/comments?post=54"}],"version-history":[{"count":10,"href":"https:\/\/explore.ifobl.com\/en\/wp-json\/wp\/v2\/pages\/54\/revisions"}],"predecessor-version":[{"id":1295,"href":"https:\/\/explore.ifobl.com\/en\/wp-json\/wp\/v2\/pages\/54\/revisions\/1295"}],"wp:attachment":[{"href":"https:\/\/explore.ifobl.com\/en\/wp-json\/wp\/v2\/media?parent=54"}],"curies":[{"name":"wp","href":"https:\/\/api.w.org\/{rel}","templated":true}]}}