{"id":47,"date":"2023-06-01T12:44:04","date_gmt":"2023-06-01T12:44:04","guid":{"rendered":"http:\/\/explore.ifobl.com\/?page_id=47"},"modified":"2023-07-25T15:52:51","modified_gmt":"2023-07-25T15:52:51","slug":"managed-certification-services","status":"publish","type":"page","link":"https:\/\/explore.ifobl.com\/en\/managed-certification-services\/","title":{"rendered":"Managed Certification Services"},"content":{"rendered":"<div data-elementor-type=\"wp-page\" data-elementor-id=\"47\" class=\"elementor elementor-47\" data-elementor-post-type=\"page\">\n\t\t\t\t\t\t<section class=\"elementor-section elementor-top-section elementor-element elementor-element-9018c5f elementor-section-boxed elementor-section-height-default elementor-section-height-default\" data-id=\"9018c5f\" data-element_type=\"section\" data-e-type=\"section\">\n\t\t\t\t\t\t<div class=\"elementor-container elementor-column-gap-default\">\n\t\t\t\t\t<div class=\"elementor-column elementor-col-100 elementor-top-column elementor-element elementor-element-bcbc3c4\" data-id=\"bcbc3c4\" data-element_type=\"column\" data-e-type=\"column\">\n\t\t\t<div class=\"elementor-widget-wrap elementor-element-populated\">\n\t\t\t\t\t\t<div class=\"elementor-element elementor-element-2816f6b elementor-widget elementor-widget-heading\" data-id=\"2816f6b\" data-element_type=\"widget\" data-e-type=\"widget\" data-widget_type=\"heading.default\">\n\t\t\t\t<div class=\"elementor-widget-container\">\n\t\t\t\t\t<h2 class=\"elementor-heading-title elementor-size-default\">Your tailored certification<\/h2>\t\t\t\t<\/div>\n\t\t\t\t<\/div>\n\t\t\t\t\t<\/div>\n\t\t<\/div>\n\t\t\t\t\t<\/div>\n\t\t<\/section>\n\t\t\t\t<section class=\"elementor-section elementor-top-section elementor-element elementor-element-d431386 elementor-section-boxed elementor-section-height-default elementor-section-height-default\" data-id=\"d431386\" data-element_type=\"section\" data-e-type=\"section\">\n\t\t\t\t\t\t<div class=\"elementor-container elementor-column-gap-default\">\n\t\t\t\t\t<div class=\"elementor-column elementor-col-100 elementor-top-column elementor-element elementor-element-d9d6a44\" data-id=\"d9d6a44\" data-element_type=\"column\" data-e-type=\"column\">\n\t\t\t<div class=\"elementor-widget-wrap elementor-element-populated\">\n\t\t\t\t\t\t<div class=\"elementor-element elementor-element-c442f04 elementor-widget elementor-widget-image\" data-id=\"c442f04\" data-element_type=\"widget\" data-e-type=\"widget\" data-widget_type=\"image.default\">\n\t\t\t\t<div class=\"elementor-widget-container\">\n\t\t\t\t\t\t\t\t\t\t\t\t\t\t\t\t<a href=\"http:\/\/explore.ifobl.com\/wp-content\/uploads\/2023\/07\/Grafik_Unser_Produkt_EN_1920x820px_72dpi.jpg\" data-elementor-open-lightbox=\"yes\" data-elementor-lightbox-title=\"Grafik_Unser_Produkt_1920x820px_72dpi-1\" data-e-action-hash=\"#elementor-action%3Aaction%3Dlightbox%26settings%3DeyJpZCI6MjA2LCJ1cmwiOiJodHRwczpcL1wvZXhwbG9yZS5pZm9ibC5jb21cL3dwLWNvbnRlbnRcL3VwbG9hZHNcLzIwMjNcLzA2XC9HcmFmaWtfVW5zZXJfUHJvZHVrdF8xOTIweDgyMHB4XzcyZHBpLTEucG5nIn0%3D\">\n\t\t\t\t\t\t\t<img fetchpriority=\"high\" decoding=\"async\" width=\"750\" height=\"320\" src=\"http:\/\/explore.ifobl.com\/wp-content\/uploads\/2023\/07\/Grafik_Unser_Produkt_EN_1920x820px_72dpi.jpg\" class=\"attachment-large size-large wp-image-206\" alt=\"\" srcset=\"https:\/\/explore.ifobl.com\/wp-content\/uploads\/2023\/07\/Grafik_Unser_Produkt_EN_1920x820px_72dpi.jpg 1920w, https:\/\/explore.ifobl.com\/wp-content\/uploads\/2023\/07\/Grafik_Unser_Produkt_EN_1920x820px_72dpi-300x128.jpg 300w, https:\/\/explore.ifobl.com\/wp-content\/uploads\/2023\/07\/Grafik_Unser_Produkt_EN_1920x820px_72dpi-1024x437.jpg 1024w, https:\/\/explore.ifobl.com\/wp-content\/uploads\/2023\/07\/Grafik_Unser_Produkt_EN_1920x820px_72dpi-768x328.jpg 768w, https:\/\/explore.ifobl.com\/wp-content\/uploads\/2023\/07\/Grafik_Unser_Produkt_EN_1920x820px_72dpi-1536x656.jpg 1536w, https:\/\/explore.ifobl.com\/wp-content\/uploads\/2023\/07\/Grafik_Unser_Produkt_EN_1920x820px_72dpi-18x8.jpg 18w\" sizes=\"(max-width: 750px) 100vw, 750px\" \/>\t\t\t\t\t\t\t\t<\/a>\n\t\t\t\t\t\t\t\t\t\t\t\t\t\t\t<\/div>\n\t\t\t\t<\/div>\n\t\t\t\t\t<\/div>\n\t\t<\/div>\n\t\t\t\t\t<\/div>\n\t\t<\/section>\n\t\t\t\t<section class=\"elementor-section elementor-top-section elementor-element elementor-element-9ee7c4e elementor-section-boxed elementor-section-height-default elementor-section-height-default\" data-id=\"9ee7c4e\" data-element_type=\"section\" data-e-type=\"section\">\n\t\t\t\t\t\t<div class=\"elementor-container elementor-column-gap-default\">\n\t\t\t\t\t<div class=\"elementor-column elementor-col-100 elementor-top-column elementor-element elementor-element-47ea683\" data-id=\"47ea683\" data-element_type=\"column\" data-e-type=\"column\">\n\t\t\t<div class=\"elementor-widget-wrap elementor-element-populated\">\n\t\t\t\t\t\t<div class=\"elementor-element elementor-element-8e00703 elementor-widget elementor-widget-heading\" data-id=\"8e00703\" data-element_type=\"widget\" data-e-type=\"widget\" data-widget_type=\"heading.default\">\n\t\t\t\t<div class=\"elementor-widget-container\">\n\t\t\t\t\t<h2 class=\"elementor-heading-title elementor-size-default\">Training<\/h2>\t\t\t\t<\/div>\n\t\t\t\t<\/div>\n\t\t\t\t\t<\/div>\n\t\t<\/div>\n\t\t\t\t\t<\/div>\n\t\t<\/section>\n\t\t\t\t<section class=\"elementor-section elementor-top-section elementor-element elementor-element-c78c0bb elementor-section-boxed elementor-section-height-default elementor-section-height-default\" data-id=\"c78c0bb\" data-element_type=\"section\" data-e-type=\"section\">\n\t\t\t\t\t\t<div class=\"elementor-container elementor-column-gap-default\">\n\t\t\t\t\t<div class=\"elementor-column elementor-col-100 elementor-top-column elementor-element elementor-element-329c65f\" data-id=\"329c65f\" data-element_type=\"column\" data-e-type=\"column\">\n\t\t\t<div class=\"elementor-widget-wrap elementor-element-populated\">\n\t\t\t\t\t\t<div class=\"elementor-element elementor-element-0543d56 elementor-widget elementor-widget-text-editor\" data-id=\"0543d56\" data-element_type=\"widget\" data-e-type=\"widget\" data-widget_type=\"text-editor.default\">\n\t\t\t\t<div class=\"elementor-widget-container\">\n\t\t\t\t\t\t\t\t\t<p>Only practice-relevant content depicted in customer reality. Our training programs have been improved and matured over the years and the content is taught by our certified and award-winning lecturers.<\/p>\t\t\t\t\t\t\t\t<\/div>\n\t\t\t\t<\/div>\n\t\t\t\t\t<\/div>\n\t\t<\/div>\n\t\t\t\t\t<\/div>\n\t\t<\/section>\n\t\t\t\t<section class=\"elementor-section elementor-top-section elementor-element elementor-element-3daa22a elementor-section-boxed elementor-section-height-default elementor-section-height-default\" data-id=\"3daa22a\" data-element_type=\"section\" data-e-type=\"section\">\n\t\t\t\t\t\t<div class=\"elementor-container elementor-column-gap-default\">\n\t\t\t\t\t<div class=\"elementor-column elementor-col-100 elementor-top-column elementor-element elementor-element-b697d60\" data-id=\"b697d60\" data-element_type=\"column\" data-e-type=\"column\">\n\t\t\t<div class=\"elementor-widget-wrap elementor-element-populated\">\n\t\t\t\t\t\t<div class=\"elementor-element elementor-element-c343c85 elementor-widget elementor-widget-image\" data-id=\"c343c85\" data-element_type=\"widget\" data-e-type=\"widget\" data-widget_type=\"image.default\">\n\t\t\t\t<div class=\"elementor-widget-container\">\n\t\t\t\t\t\t\t\t\t\t\t\t\t\t\t<img decoding=\"async\" width=\"640\" height=\"427\" src=\"https:\/\/explore.ifobl.com\/wp-content\/uploads\/2023\/07\/Training-room.jpg\" class=\"attachment-full size-full wp-image-906\" alt=\"\" srcset=\"https:\/\/explore.ifobl.com\/wp-content\/uploads\/2023\/07\/Training-room.jpg 640w, https:\/\/explore.ifobl.com\/wp-content\/uploads\/2023\/07\/Training-room-300x200.jpg 300w, https:\/\/explore.ifobl.com\/wp-content\/uploads\/2023\/07\/Training-room-18x12.jpg 18w, https:\/\/explore.ifobl.com\/wp-content\/uploads\/2023\/07\/Training-room-360x240.jpg 360w\" sizes=\"(max-width: 640px) 100vw, 640px\" \/>\t\t\t\t\t\t\t\t\t\t\t\t\t\t\t<\/div>\n\t\t\t\t<\/div>\n\t\t\t\t\t<\/div>\n\t\t<\/div>\n\t\t\t\t\t<\/div>\n\t\t<\/section>\n\t\t\t\t<section class=\"elementor-section elementor-top-section elementor-element elementor-element-54c32396 elementor-section-boxed elementor-section-height-default elementor-section-height-default\" data-id=\"54c32396\" data-element_type=\"section\" data-e-type=\"section\">\n\t\t\t\t\t\t<div class=\"elementor-container elementor-column-gap-default\">\n\t\t\t\t\t<div class=\"elementor-column elementor-col-100 elementor-top-column elementor-element elementor-element-6bf0c534\" data-id=\"6bf0c534\" data-element_type=\"column\" data-e-type=\"column\">\n\t\t\t<div class=\"elementor-widget-wrap elementor-element-populated\">\n\t\t\t\t\t\t<div class=\"elementor-element elementor-element-6d11d5a2 elementor-widget elementor-widget-text-editor\" data-id=\"6d11d5a2\" data-element_type=\"widget\" data-e-type=\"widget\" data-widget_type=\"text-editor.default\">\n\t\t\t\t<div class=\"elementor-widget-container\">\n\t\t\t\t\t\t\t\t\t\n<h2 class=\"wp-block-heading\">Certification<\/h2>\n\n<p class=\"translation-block\">We offer tailor-made examination modules that are put together according to your requirements, depending on your role and experience.<br>In addition to short online examinations per module, which eliminates the long learning process for a large final examination, these are reports or case studies, workshops and simulations or interviews.<br>It is about testing situational practical competence in your professional reality. You can be sure: through the certification exams, your employees have not only demonstrated knowledge, but also specific skills. The forms and content are designed in such a way that exams are an instructive, motivating experience.<\/p>\n\n<div style=\"height: 25px;\" aria-hidden=\"true\" class=\"wp-block-spacer\"><\/div>\n\n<h2 class=\"wp-block-heading\">IFoBL Path<\/h2>\n\n<figure class=\"wp-block-image size-large\"><a href=\"http:\/\/explore.ifobl.com\/wp-content\/uploads\/2023\/07\/Grafik_Der_IFoBL_Pfad_EN_1920x1180px_72dpi.jpg\" target=\"_blank\" rel=\"noreferrer noopener\"><img decoding=\"async\" width=\"1024\" height=\"629\" src=\"http:\/\/explore.ifobl.com\/wp-content\/uploads\/2023\/07\/Grafik_Der_IFoBL_Pfad_EN_1920x1180px_72dpi.jpg\" alt=\"\" class=\"wp-image-63\" srcset=\"https:\/\/explore.ifobl.com\/wp-content\/uploads\/2023\/07\/Grafik_Der_IFoBL_Pfad_EN_1920x1180px_72dpi.jpg 1920w, https:\/\/explore.ifobl.com\/wp-content\/uploads\/2023\/07\/Grafik_Der_IFoBL_Pfad_EN_1920x1180px_72dpi-300x184.jpg 300w, https:\/\/explore.ifobl.com\/wp-content\/uploads\/2023\/07\/Grafik_Der_IFoBL_Pfad_EN_1920x1180px_72dpi-1024x629.jpg 1024w, https:\/\/explore.ifobl.com\/wp-content\/uploads\/2023\/07\/Grafik_Der_IFoBL_Pfad_EN_1920x1180px_72dpi-768x472.jpg 768w, https:\/\/explore.ifobl.com\/wp-content\/uploads\/2023\/07\/Grafik_Der_IFoBL_Pfad_EN_1920x1180px_72dpi-1536x944.jpg 1536w, https:\/\/explore.ifobl.com\/wp-content\/uploads\/2023\/07\/Grafik_Der_IFoBL_Pfad_EN_1920x1180px_72dpi-18x12.jpg 18w\" sizes=\"(max-width: 1024px) 100vw, 1024px\" \/><\/a><\/figure>\n\n<div style=\"height: 25px;\" aria-hidden=\"true\" class=\"wp-block-spacer\"><\/div>\n\n<h2 class=\"wp-block-heading\">Tailored module solutions<\/h2>\n\n<p class=\"translation-block\">We compile the modules individually for you - either according to a standard plan established by us or according to your requirements. We would be happy to advise you!<br>We can also create and integrate your own in-house modules for you. Optionally, individually designed final exams can be added (e.g. assessment centers, interviews, simulations, field reports).<\/p>\n\n<figure class=\"wp-block-image size-large\"><img loading=\"lazy\" decoding=\"async\" width=\"1024\" height=\"576\" src=\"http:\/\/explore.ifobl.com\/wp-content\/uploads\/2023\/06\/IFoBL_Stamp_Mockup_1920x1080px_72dpi-1024x576.png\" alt=\"\" class=\"wp-image-64\" srcset=\"https:\/\/explore.ifobl.com\/wp-content\/uploads\/2023\/06\/IFoBL_Stamp_Mockup_1920x1080px_72dpi-1024x576.png 1024w, https:\/\/explore.ifobl.com\/wp-content\/uploads\/2023\/06\/IFoBL_Stamp_Mockup_1920x1080px_72dpi-300x169.png 300w, https:\/\/explore.ifobl.com\/wp-content\/uploads\/2023\/06\/IFoBL_Stamp_Mockup_1920x1080px_72dpi-768x432.png 768w, https:\/\/explore.ifobl.com\/wp-content\/uploads\/2023\/06\/IFoBL_Stamp_Mockup_1920x1080px_72dpi-1536x864.png 1536w, https:\/\/explore.ifobl.com\/wp-content\/uploads\/2023\/06\/IFoBL_Stamp_Mockup_1920x1080px_72dpi.png 1920w\" sizes=\"(max-width: 1024px) 100vw, 1024px\" \/><\/figure>\n\n<div style=\"height: 25px;\" aria-hidden=\"true\" class=\"wp-block-spacer\"><\/div>\n\n<h2 class=\"wp-block-heading\">Recognition of your company certification<\/h2>\n\n<p class=\"translation-block\">The IFoBL certification contains a level of qualification which, on its own, largely meets or exceeds requirements that exist within the framework of current certification standards. This gives the opportunity to also acquire the certificates of standard holders by recognition. Therefore, if you wish, we will also take care of the recognition processes of standard holders, so that you can (additionally) also receive these certificates - ideally without further examinations.<br>Depending on the design of your company certification, additional assessments (bridging assessments) may be required .<br>Note: some standard holders do not provide any recognition options (bridging), so that the full examination must be completed.<br>In all cases, IFoBL will take care of everything for you (recognition, admission, formalities). Your employees and you only care about knowledge, skills and abilities.<\/p>\n\n<p>Contact us now and see for yourself.<\/p>\n\n<div style=\"height: 50px;\" aria-hidden=\"true\" class=\"wp-block-spacer\"><\/div>\n\t\t\t\t\t\t\t\t<\/div>\n\t\t\t\t<\/div>\n\t\t\t\t\t<\/div>\n\t\t<\/div>\n\t\t\t\t\t<\/div>\n\t\t<\/section>\n\t\t\t\t<\/div>","protected":false},"excerpt":{"rendered":"<p>Ihre ma\u00dfgeschneiderte Zertifizierung Ausbildung Ausschlie\u00dflich praxisrelevante Inhalte abgebildet in der Kundenrealit\u00e4t. Unsere Trainingsprogramme sind \u00fcber Jahre verbessert und gereift und die Inhalte werden von unseren zertifizierten und vielfach ausgezeichneten Dozenten vermittelt. Zertifizierung Wir bieten analog zur Ausbildung je nach Rolle und Erfahrung passgenaue Pr\u00fcfungsmodule an, die nach Ihren Anforderungen zusammengestellt [&hellip;]<\/p>","protected":false},"author":1,"featured_media":0,"parent":0,"menu_order":0,"comment_status":"closed","ping_status":"closed","template":"","meta":{"footnotes":""},"class_list":["post-47","page","type-page","status-publish","hentry"],"_links":{"self":[{"href":"https:\/\/explore.ifobl.com\/en\/wp-json\/wp\/v2\/pages\/47","targetHints":{"allow":["GET"]}}],"collection":[{"href":"https:\/\/explore.ifobl.com\/en\/wp-json\/wp\/v2\/pages"}],"about":[{"href":"https:\/\/explore.ifobl.com\/en\/wp-json\/wp\/v2\/types\/page"}],"author":[{"embeddable":true,"href":"https:\/\/explore.ifobl.com\/en\/wp-json\/wp\/v2\/users\/1"}],"replies":[{"embeddable":true,"href":"https:\/\/explore.ifobl.com\/en\/wp-json\/wp\/v2\/comments?post=47"}],"version-history":[{"count":50,"href":"https:\/\/explore.ifobl.com\/en\/wp-json\/wp\/v2\/pages\/47\/revisions"}],"predecessor-version":[{"id":958,"href":"https:\/\/explore.ifobl.com\/en\/wp-json\/wp\/v2\/pages\/47\/revisions\/958"}],"wp:attachment":[{"href":"https:\/\/explore.ifobl.com\/en\/wp-json\/wp\/v2\/media?parent=47"}],"curies":[{"name":"wp","href":"https:\/\/api.w.org\/{rel}","templated":true}]}}