{"id":383,"date":"2023-07-07T16:49:58","date_gmt":"2023-07-07T16:49:58","guid":{"rendered":"https:\/\/explore.ifobl.com\/?page_id=383"},"modified":"2024-01-12T19:34:11","modified_gmt":"2024-01-12T19:34:11","slug":"change-agent","status":"publish","type":"page","link":"https:\/\/explore.ifobl.com\/en\/standard-trainings\/change-agent\/","title":{"rendered":"Change Agent"},"content":{"rendered":"<div data-elementor-type=\"wp-page\" data-elementor-id=\"383\" class=\"elementor elementor-383\" data-elementor-post-type=\"page\">\n\t\t\t\t\t\t<section class=\"elementor-section elementor-top-section elementor-element elementor-element-6e307d5 elementor-section-boxed elementor-section-height-default elementor-section-height-default\" data-id=\"6e307d5\" data-element_type=\"section\" data-e-type=\"section\">\n\t\t\t\t\t\t<div class=\"elementor-container elementor-column-gap-default\">\n\t\t\t\t\t<div class=\"elementor-column elementor-col-100 elementor-top-column elementor-element elementor-element-5223121\" data-id=\"5223121\" data-element_type=\"column\" data-e-type=\"column\">\n\t\t\t<div class=\"elementor-widget-wrap elementor-element-populated\">\n\t\t\t\t\t\t<div class=\"elementor-element elementor-element-27608b2 elementor-widget elementor-widget-heading\" data-id=\"27608b2\" data-element_type=\"widget\" data-e-type=\"widget\" data-widget_type=\"heading.default\">\n\t\t\t\t<div class=\"elementor-widget-container\">\n\t\t\t\t\t<h2 class=\"elementor-heading-title elementor-size-default\">Changes need advocates and moderators in all teams<\/h2>\t\t\t\t<\/div>\n\t\t\t\t<\/div>\n\t\t\t\t\t<\/div>\n\t\t<\/div>\n\t\t\t\t\t<\/div>\n\t\t<\/section>\n\t\t\t\t<section class=\"elementor-section elementor-top-section elementor-element elementor-element-581fd7c8 elementor-section-boxed elementor-section-height-default elementor-section-height-default\" data-id=\"581fd7c8\" data-element_type=\"section\" data-e-type=\"section\">\n\t\t\t\t\t\t<div class=\"elementor-container elementor-column-gap-default\">\n\t\t\t\t\t<div class=\"elementor-column elementor-col-100 elementor-top-column elementor-element elementor-element-1d9aae27\" data-id=\"1d9aae27\" data-element_type=\"column\" data-e-type=\"column\">\n\t\t\t<div class=\"elementor-widget-wrap elementor-element-populated\">\n\t\t\t\t\t\t<div class=\"elementor-element elementor-element-5ec3a78a elementor-widget elementor-widget-text-editor\" data-id=\"5ec3a78a\" data-element_type=\"widget\" data-e-type=\"widget\" data-widget_type=\"text-editor.default\">\n\t\t\t\t<div class=\"elementor-widget-container\">\n\t\t\t\t\t\t\t\t\t\n<p>The employees have to be motivated and activated and need competent support. The change agent, as a colleague - \"one of us\" - supports and guides.<\/p>\n\t\t\t\t\t\t\t\t<\/div>\n\t\t\t\t<\/div>\n\t\t\t\t\t<\/div>\n\t\t<\/div>\n\t\t\t\t\t<\/div>\n\t\t<\/section>\n\t\t\t\t<section class=\"elementor-section elementor-top-section elementor-element elementor-element-d19a295 elementor-section-boxed elementor-section-height-default elementor-section-height-default\" data-id=\"d19a295\" data-element_type=\"section\" data-e-type=\"section\">\n\t\t\t\t\t\t<div class=\"elementor-container elementor-column-gap-default\">\n\t\t\t\t\t<div class=\"elementor-column elementor-col-100 elementor-top-column elementor-element elementor-element-1774351\" data-id=\"1774351\" data-element_type=\"column\" data-e-type=\"column\">\n\t\t\t<div class=\"elementor-widget-wrap elementor-element-populated\">\n\t\t\t\t\t\t<div class=\"elementor-element elementor-element-0859f59 elementor-tabs-view-horizontal elementor-widget elementor-widget-tabs\" data-id=\"0859f59\" data-element_type=\"widget\" data-e-type=\"widget\" data-widget_type=\"tabs.default\">\n\t\t\t\t<div class=\"elementor-widget-container\">\n\t\t\t\t\t\t\t<div class=\"elementor-tabs\">\n\t\t\t<div class=\"elementor-tabs-wrapper\" role=\"tablist\" >\n\t\t\t\t\t\t\t\t\t<div id=\"elementor-tab-title-8751\" class=\"elementor-tab-title elementor-tab-desktop-title\" aria-selected=\"true\" data-tab=\"1\" role=\"tab\" tabindex=\"0\" aria-controls=\"elementor-tab-content-8751\" aria-expanded=\"false\">Outline<\/div>\n\t\t\t\t\t\t\t\t\t<div id=\"elementor-tab-title-8752\" class=\"elementor-tab-title elementor-tab-desktop-title\" aria-selected=\"false\" data-tab=\"2\" role=\"tab\" tabindex=\"-1\" aria-controls=\"elementor-tab-content-8752\" aria-expanded=\"false\">Methodology<\/div>\n\t\t\t\t\t\t\t\t\t<div id=\"elementor-tab-title-8753\" class=\"elementor-tab-title elementor-tab-desktop-title\" aria-selected=\"false\" data-tab=\"3\" role=\"tab\" tabindex=\"-1\" aria-controls=\"elementor-tab-content-8753\" aria-expanded=\"false\">Duration<\/div>\n\t\t\t\t\t\t\t\t\t<div id=\"elementor-tab-title-8754\" class=\"elementor-tab-title elementor-tab-desktop-title\" aria-selected=\"false\" data-tab=\"4\" role=\"tab\" tabindex=\"-1\" aria-controls=\"elementor-tab-content-8754\" aria-expanded=\"false\">Price<\/div>\n\t\t\t\t\t\t\t\t\t<div id=\"elementor-tab-title-8755\" class=\"elementor-tab-title elementor-tab-desktop-title\" aria-selected=\"false\" data-tab=\"5\" role=\"tab\" tabindex=\"-1\" aria-controls=\"elementor-tab-content-8755\" aria-expanded=\"false\">Request<\/div>\n\t\t\t\t\t\t\t<\/div>\n\t\t\t<div class=\"elementor-tabs-content-wrapper\" role=\"tablist\" aria-orientation=\"vertical\">\n\t\t\t\t\t\t\t\t\t<div class=\"elementor-tab-title elementor-tab-mobile-title\" aria-selected=\"true\" data-tab=\"1\" role=\"tab\" tabindex=\"0\" aria-controls=\"elementor-tab-content-8751\" aria-expanded=\"false\">Outline<\/div>\n\t\t\t\t\t<div id=\"elementor-tab-content-8751\" class=\"elementor-tab-content elementor-clearfix\" data-tab=\"1\" role=\"tabpanel\" aria-labelledby=\"elementor-tab-title-8751\" tabindex=\"0\" hidden=\"false\"><ul>\n<li>The basic scientifically based models of change management.<\/li>\n<li>The human in change.<\/li>\n<li>The phases of a change initiative and the associated models.<\/li>\n<li>Tasks, integration into the organization and self-image of the change agent.<\/li>\n<li>Methods of supporting colleagues and managers in change.<\/li>\n<li>Facilitate workshops.<\/li>\n<\/ul><\/div>\n\t\t\t\t\t\t\t\t\t<div class=\"elementor-tab-title elementor-tab-mobile-title\" aria-selected=\"false\" data-tab=\"2\" role=\"tab\" tabindex=\"-1\" aria-controls=\"elementor-tab-content-8752\" aria-expanded=\"false\">Methodology<\/div>\n\t\t\t\t\t<div id=\"elementor-tab-content-8752\" class=\"elementor-tab-content elementor-clearfix\" data-tab=\"2\" role=\"tabpanel\" aria-labelledby=\"elementor-tab-title-8752\" tabindex=\"0\" hidden=\"hidden\"><ul>\n<li>Lecture (little)<\/li>\n<li>Discussion (much)<\/li>\n<li>Exercises (a lot)<\/li>\n<li>Self-study (unfortunately also necessary in advance and possibly in the evening)<\/li>\n<\/ul><\/div>\n\t\t\t\t\t\t\t\t\t<div class=\"elementor-tab-title elementor-tab-mobile-title\" aria-selected=\"false\" data-tab=\"3\" role=\"tab\" tabindex=\"-1\" aria-controls=\"elementor-tab-content-8753\" aria-expanded=\"false\">Duration<\/div>\n\t\t\t\t\t<div id=\"elementor-tab-content-8753\" class=\"elementor-tab-content elementor-clearfix\" data-tab=\"3\" role=\"tabpanel\" aria-labelledby=\"elementor-tab-title-8753\" tabindex=\"0\" hidden=\"hidden\"><ul>\n<li>4-day practical workshop \u2013 also possible online<\/li>\n<li>Additional self-study (also in advance)<\/li>\n<li>1 schriftliche Pr\u00fcfung zu 90 Minuten,\u00a0 Fachgespr\u00e4ch\u00a0<\/li>\n<\/ul><\/div>\n\t\t\t\t\t\t\t\t\t<div class=\"elementor-tab-title elementor-tab-mobile-title\" aria-selected=\"false\" data-tab=\"4\" role=\"tab\" tabindex=\"-1\" aria-controls=\"elementor-tab-content-8754\" aria-expanded=\"false\">Price<\/div>\n\t\t\t\t\t<div id=\"elementor-tab-content-8754\" class=\"elementor-tab-content elementor-clearfix\" data-tab=\"4\" role=\"tabpanel\" aria-labelledby=\"elementor-tab-title-8754\" tabindex=\"0\" hidden=\"hidden\"><ul>\n<li>Komplettpaket Ausbildung, Unterlagen und Pr\u00fcfung zum Change Agent: 3.495 \u20ac zzgl. USt. (4.159,05 \u20ac inkl. USt.)<\/li>\n<li>Individual Pricing for Inhouse Trainings<\/li>\n<\/ul><\/div>\n\t\t\t\t\t\t\t\t\t<div class=\"elementor-tab-title elementor-tab-mobile-title\" aria-selected=\"false\" data-tab=\"5\" role=\"tab\" tabindex=\"-1\" aria-controls=\"elementor-tab-content-8755\" aria-expanded=\"false\">Request<\/div>\n\t\t\t\t\t<div id=\"elementor-tab-content-8755\" class=\"elementor-tab-content elementor-clearfix\" data-tab=\"5\" role=\"tabpanel\" aria-labelledby=\"elementor-tab-title-8755\" tabindex=\"0\" hidden=\"hidden\"><p><div class=\"wpforms-container wpforms-container-full wpforms-render-modern\" id=\"wpforms-601\"><form id=\"wpforms-form-601\" class=\"wpforms-validate wpforms-form wpforms-ajax-form\" data-formid=\"601\" method=\"post\" enctype=\"multipart\/form-data\" action=\"\/en\/standard-trainings\/change-agent\/\" data-token=\"a5fca818fcc9eb4540ad73be24e57656\" data-token-time=\"1777533163\" data-trp-original-action=\"\/en\/standard-trainings\/change-agent\/\"><noscript class=\"wpforms-error-noscript\" data-no-translation=\"\" data-trp-gettext=\"\">Please enable JavaScript in your browser to complete this form.<\/noscript><div class=\"wpforms-hidden\" id=\"wpforms-error-noscript\" data-no-translation=\"\" data-trp-gettext=\"\">Please enable JavaScript in your browser to complete this form.<\/div><div class=\"wpforms-field-container\"><div id=\"wpforms-601-field_3-container\" class=\"wpforms-field wpforms-field-radio wpforms-list-inline\" data-field-id=\"3\"><fieldset><legend class=\"wpforms-field-label\">Where?<\/legend><ul id=\"wpforms-601-field_3\"><li class=\"choice-1 depth-1\"><input type=\"radio\" id=\"wpforms-601-field_3_1\" name=\"wpforms[fields][3]\" value=\"Online\" aria-errormessage=\"wpforms-601-field_3_1-error\"  ><label class=\"wpforms-field-label-inline\" for=\"wpforms-601-field_3_1\">Online<\/label><\/li><li class=\"choice-2 depth-1\"><input type=\"radio\" id=\"wpforms-601-field_3_2\" name=\"wpforms[fields][3]\" value=\"Inhouse\" aria-errormessage=\"wpforms-601-field_3_2-error\"  ><label class=\"wpforms-field-label-inline\" for=\"wpforms-601-field_3_2\">Inhouse<\/label><\/li><\/ul><\/fieldset><\/div><div id=\"wpforms-601-field_4-container\" class=\"wpforms-field wpforms-field-text\" data-field-id=\"4\"><label class=\"wpforms-field-label\" for=\"wpforms-601-field_4\">When?<\/label><input type=\"text\" id=\"wpforms-601-field_4\" class=\"wpforms-field-medium\" name=\"wpforms[fields][4]\" placeholder=\"Your preferred date(s)\" aria-errormessage=\"wpforms-601-field_4-error\" ><\/div><div id=\"wpforms-601-field_7-container\" class=\"wpforms-field wpforms-field-checkbox wpforms-list-inline\" data-field-id=\"7\"><fieldset><legend class=\"wpforms-field-label\">Number of participants?<\/legend><ul id=\"wpforms-601-field_7\" data-choice-limit=\"1\"><li class=\"choice-1 depth-1\"><input type=\"checkbox\" id=\"wpforms-601-field_7_1\" data-rule-check-limit=\"true\" name=\"wpforms[fields][7][]\" value=\"1\" aria-errormessage=\"wpforms-601-field_7_1-error\"  ><label class=\"wpforms-field-label-inline\" for=\"wpforms-601-field_7_1\">1<\/label><\/li><li class=\"choice-2 depth-1\"><input type=\"checkbox\" id=\"wpforms-601-field_7_2\" data-rule-check-limit=\"true\" name=\"wpforms[fields][7][]\" value=\"2\" aria-errormessage=\"wpforms-601-field_7_2-error\"  ><label class=\"wpforms-field-label-inline\" for=\"wpforms-601-field_7_2\">2<\/label><\/li><li class=\"choice-3 depth-1\"><input type=\"checkbox\" id=\"wpforms-601-field_7_3\" data-rule-check-limit=\"true\" name=\"wpforms[fields][7][]\" value=\"3\" aria-errormessage=\"wpforms-601-field_7_3-error\"  ><label class=\"wpforms-field-label-inline\" for=\"wpforms-601-field_7_3\">3<\/label><\/li><li class=\"choice-4 depth-1\"><input type=\"checkbox\" id=\"wpforms-601-field_7_4\" data-rule-check-limit=\"true\" name=\"wpforms[fields][7][]\" value=\"eine Gruppe\" aria-errormessage=\"wpforms-601-field_7_4-error\"  ><label class=\"wpforms-field-label-inline\" for=\"wpforms-601-field_7_4\">a group<\/label><\/li><\/ul><\/fieldset><\/div><div id=\"wpforms-601-field_0-container\" class=\"wpforms-field wpforms-field-name\" data-field-id=\"0\"><label class=\"wpforms-field-label\" for=\"wpforms-601-field_0\">Name or company <span class=\"wpforms-required-label\" aria-hidden=\"true\">*<\/span><\/label><input type=\"text\" id=\"wpforms-601-field_0\" class=\"wpforms-field-medium wpforms-field-required\" name=\"wpforms[fields][0]\" aria-errormessage=\"wpforms-601-field_0-error\" required><\/div><div id=\"wpforms-601-field_1-container\" class=\"wpforms-field wpforms-field-email\" data-field-id=\"1\"><label class=\"wpforms-field-label\" for=\"wpforms-601-field_1\">E-Mail <span class=\"wpforms-required-label\" aria-hidden=\"true\">*<\/span><\/label><input type=\"email\" id=\"wpforms-601-field_1\" class=\"wpforms-field-medium wpforms-field-required\" name=\"wpforms[fields][1]\" spellcheck=\"false\" aria-errormessage=\"wpforms-601-field_1-error\" required><\/div><div id=\"wpforms-601-field_2-container\" class=\"wpforms-field wpforms-field-textarea\" data-field-id=\"2\"><label class=\"wpforms-field-label\" for=\"wpforms-601-field_2\">Comments<\/label><textarea id=\"wpforms-601-field_2\" class=\"wpforms-field-medium\" name=\"wpforms[fields][2]\" placeholder=\"Which information shall we additionally consider?\" aria-errormessage=\"wpforms-601-field_2-error\" ><\/textarea><\/div><div id=\"wpforms-601-field_9-container\" class=\"wpforms-field wpforms-field-checkbox wpforms-list-inline\" data-field-id=\"9\"><fieldset><legend class=\"wpforms-field-label\">Data Privacy <span class=\"wpforms-required-label\" aria-hidden=\"true\">*<\/span><\/legend><ul id=\"wpforms-601-field_9\" class=\"wpforms-field-required wpforms-icon-choices wpforms-icon-choices-default wpforms-icon-choices-small\" style=\"--wpforms-icon-choices-color: #000000;\"><li class=\"choice-1 depth-1 wpforms-icon-choices-item\"><label class=\"wpforms-field-label-inline\" for=\"wpforms-601-field_9_1\">\n\t\t\t\t<span class=\"wpforms-icon-choices-icon\">\n\t\t\t\t\t<svg xmlns=\"http:\/\/www.w3.org\/2000\/svg\" width=\"40\" height=\"32px\" viewbox=\"0 0 448 512\"><!--! Font Awesome Free 6.4.0 by @fontawesome - https:\/\/fontawesome.com License - https:\/\/fontawesome.com\/license\/free (Icons: CC BY 4.0, Fonts: SIL OFL 1.1, Code: MIT License) Copyright 2023 Fonticons, Inc. --><path d=\"M448 80v48c0 44.2-100.3 80-224 80S0 172.2 0 128V80C0 35.8 100.3 0 224 0S448 35.8 448 80zM393.2 214.7c20.8-7.4 39.9-16.9 54.8-28.6V288c0 44.2-100.3 80-224 80S0 332.2 0 288V186.1c14.9 11.8 34 21.2 54.8 28.6C99.7 230.7 159.5 240 224 240s124.3-9.3 169.2-25.3zM0 346.1c14.9 11.8 34 21.2 54.8 28.6C99.7 390.7 159.5 400 224 400s124.3-9.3 169.2-25.3c20.8-7.4 39.9-16.9 54.8-28.6V432c0 44.2-100.3 80-224 80S0 476.2 0 432V346.1z\"\/><\/svg>\n\t\t\t\t\t<span class=\"wpforms-icon-choices-icon-bg\"><\/span>\n\t\t\t\t<\/span>\n\t\t\t\t<input type=\"checkbox\" id=\"wpforms-601-field_9_1\" class=\"wpforms-screen-reader-element\" name=\"wpforms[fields][9][]\" value=\"Zustimmung\" aria-errormessage=\"wpforms-601-field_9_1-error\" aria-describedby=\"wpforms-601-field_9-description\" required>\n\t\t\t\t<span class=\"wpforms-icon-choices-label\">Confirmation<\/span>\n\t\t\t<\/label><\/li><\/ul><div id=\"wpforms-601-field_9-description\" class=\"wpforms-field-description translation-block\">I read the <a href=\"https:\/\/explore.ifobl.com\/en\/datenschutz\/\" target=\"blank\">Data Privacy Information<\/a>  and I accept that my data are used in the described way to handle my request.<\/div><\/fieldset><\/div><\/div><!-- .wpforms-field-container --><div class=\"wpforms-submit-container\" ><input type=\"hidden\" name=\"wpforms[id]\" value=\"601\"><input type=\"hidden\" name=\"page_title\" value=\"Change Agent\"><input type=\"hidden\" name=\"page_url\" value=\"https:\/\/explore.ifobl.com\/en\/standard-trainings\/change-agent\/\"><input type=\"hidden\" name=\"page_id\" value=\"383\"><input type=\"hidden\" name=\"wpforms[post_id]\" value=\"383\"><button type=\"submit\" name=\"wpforms[submit]\" id=\"wpforms-submit-601\" class=\"wpforms-submit\" data-alt-text=\"Senden\u2026\" data-submit-text=\"Absenden\" aria-live=\"assertive\" value=\"wpforms-submit\">Send<\/button><img decoding=\"async\" src=\"https:\/\/explore.ifobl.com\/wp-content\/plugins\/wpforms-lite\/assets\/images\/submit-spin.svg\" class=\"wpforms-submit-spinner\" style=\"display: none;\" width=\"26\" height=\"26\" alt=\"Loading\" data-no-translation-alt=\"\"><\/div><input type=\"hidden\" name=\"trp-form-language\" value=\"en\"\/><\/form><\/div>  <!-- .wpforms-container --><\/p><\/div>\n\t\t\t\t\t\t\t<\/div>\n\t\t<\/div>\n\t\t\t\t\t\t<\/div>\n\t\t\t\t<\/div>\n\t\t\t\t\t<\/div>\n\t\t<\/div>\n\t\t\t\t\t<\/div>\n\t\t<\/section>\n\t\t\t\t<section class=\"elementor-section elementor-top-section elementor-element elementor-element-09e5659 elementor-section-boxed elementor-section-height-default elementor-section-height-default\" data-id=\"09e5659\" data-element_type=\"section\" data-e-type=\"section\">\n\t\t\t\t\t\t<div class=\"elementor-container elementor-column-gap-default\">\n\t\t\t\t\t<div class=\"elementor-column elementor-col-100 elementor-top-column elementor-element elementor-element-3f0d6a0\" data-id=\"3f0d6a0\" data-element_type=\"column\" data-e-type=\"column\">\n\t\t\t<div class=\"elementor-widget-wrap elementor-element-populated\">\n\t\t\t\t\t\t<div class=\"elementor-element elementor-element-36d2632 elementor-widget elementor-widget-spacer\" data-id=\"36d2632\" data-element_type=\"widget\" data-e-type=\"widget\" data-widget_type=\"spacer.default\">\n\t\t\t\t<div class=\"elementor-widget-container\">\n\t\t\t\t\t\t\t<div class=\"elementor-spacer\">\n\t\t\t<div class=\"elementor-spacer-inner\"><\/div>\n\t\t<\/div>\n\t\t\t\t\t\t<\/div>\n\t\t\t\t<\/div>\n\t\t\t\t\t<\/div>\n\t\t<\/div>\n\t\t\t\t\t<\/div>\n\t\t<\/section>\n\t\t\t\t<\/div>","protected":false},"excerpt":{"rendered":"<p>Ver\u00e4nderungen brauchen F\u00fcrsprecher und Moderatoren in allen Teams Die Mitarbeiter m\u00fcssen motiviert und aktiviert werden und ben\u00f6tigen kompetenten Support. Der Change Agent, als Kollege \u2013 \u201eeiner von uns\u201c \u2013 unterst\u00fctzt und leitet an. Inhalte Methodik Dauer Konditionen Anfrage Inhalte Die grundlegenden wissenschaftlich fundierten Modelle des Change-Managements. Der Mensch im Change. [&hellip;]<\/p>","protected":false},"author":1,"featured_media":0,"parent":49,"menu_order":2,"comment_status":"closed","ping_status":"closed","template":"","meta":{"footnotes":""},"class_list":["post-383","page","type-page","status-publish","hentry"],"_links":{"self":[{"href":"https:\/\/explore.ifobl.com\/en\/wp-json\/wp\/v2\/pages\/383","targetHints":{"allow":["GET"]}}],"collection":[{"href":"https:\/\/explore.ifobl.com\/en\/wp-json\/wp\/v2\/pages"}],"about":[{"href":"https:\/\/explore.ifobl.com\/en\/wp-json\/wp\/v2\/types\/page"}],"author":[{"embeddable":true,"href":"https:\/\/explore.ifobl.com\/en\/wp-json\/wp\/v2\/users\/1"}],"replies":[{"embeddable":true,"href":"https:\/\/explore.ifobl.com\/en\/wp-json\/wp\/v2\/comments?post=383"}],"version-history":[{"count":52,"href":"https:\/\/explore.ifobl.com\/en\/wp-json\/wp\/v2\/pages\/383\/revisions"}],"predecessor-version":[{"id":1229,"href":"https:\/\/explore.ifobl.com\/en\/wp-json\/wp\/v2\/pages\/383\/revisions\/1229"}],"up":[{"embeddable":true,"href":"https:\/\/explore.ifobl.com\/en\/wp-json\/wp\/v2\/pages\/49"}],"wp:attachment":[{"href":"https:\/\/explore.ifobl.com\/en\/wp-json\/wp\/v2\/media?parent=383"}],"curies":[{"name":"wp","href":"https:\/\/api.w.org\/{rel}","templated":true}]}}