{"id":372,"date":"2023-07-07T16:22:21","date_gmt":"2023-07-07T16:22:21","guid":{"rendered":"https:\/\/explore.ifobl.com\/?page_id=372"},"modified":"2023-07-26T09:47:43","modified_gmt":"2023-07-26T09:47:43","slug":"managed-training-services","status":"publish","type":"page","link":"https:\/\/explore.ifobl.com\/en\/managed-training-services\/","title":{"rendered":"Managed Training Services"},"content":{"rendered":"<div data-elementor-type=\"wp-page\" data-elementor-id=\"372\" class=\"elementor elementor-372\" data-elementor-post-type=\"page\">\n\t\t\t\t\t\t<section class=\"elementor-section elementor-top-section elementor-element elementor-element-dfa1dce elementor-section-boxed elementor-section-height-default elementor-section-height-default\" data-id=\"dfa1dce\" data-element_type=\"section\" data-e-type=\"section\">\n\t\t\t\t\t\t<div class=\"elementor-container elementor-column-gap-default\">\n\t\t\t\t\t<div class=\"elementor-column elementor-col-100 elementor-top-column elementor-element elementor-element-434cf96\" data-id=\"434cf96\" data-element_type=\"column\" data-e-type=\"column\">\n\t\t\t<div class=\"elementor-widget-wrap elementor-element-populated\">\n\t\t\t\t\t\t<div class=\"elementor-element elementor-element-4441ccb elementor-widget elementor-widget-heading\" data-id=\"4441ccb\" data-element_type=\"widget\" data-e-type=\"widget\" data-widget_type=\"heading.default\">\n\t\t\t\t<div class=\"elementor-widget-container\">\n\t\t\t\t\t<h2 class=\"elementor-heading-title elementor-size-default\">Outsource the organization of leadership and management training<\/h2>\t\t\t\t<\/div>\n\t\t\t\t<\/div>\n\t\t\t\t\t<\/div>\n\t\t<\/div>\n\t\t\t\t\t<\/div>\n\t\t<\/section>\n\t\t\t\t<section class=\"elementor-section elementor-top-section elementor-element elementor-element-85b4891 elementor-section-boxed elementor-section-height-default elementor-section-height-default\" data-id=\"85b4891\" data-element_type=\"section\" data-e-type=\"section\">\n\t\t\t\t\t\t<div class=\"elementor-container elementor-column-gap-default\">\n\t\t\t\t\t<div class=\"elementor-column elementor-col-100 elementor-top-column elementor-element elementor-element-441ce6d\" data-id=\"441ce6d\" data-element_type=\"column\" data-e-type=\"column\">\n\t\t\t<div class=\"elementor-widget-wrap elementor-element-populated\">\n\t\t\t\t\t\t<div class=\"elementor-element elementor-element-a9151a3 elementor-widget elementor-widget-image-carousel\" data-id=\"a9151a3\" data-element_type=\"widget\" data-e-type=\"widget\" data-settings=\"{&quot;slides_to_show&quot;:&quot;1&quot;,&quot;navigation&quot;:&quot;none&quot;,&quot;autoplay_speed&quot;:3000,&quot;effect&quot;:&quot;fade&quot;,&quot;speed&quot;:900,&quot;autoplay&quot;:&quot;yes&quot;,&quot;pause_on_hover&quot;:&quot;yes&quot;,&quot;pause_on_interaction&quot;:&quot;yes&quot;,&quot;infinite&quot;:&quot;yes&quot;}\" data-widget_type=\"image-carousel.default\">\n\t\t\t\t<div class=\"elementor-widget-container\">\n\t\t\t\t\t\t\t<div class=\"elementor-image-carousel-wrapper swiper\" role=\"region\" aria-roledescription=\"carousel\" aria-label=\"Image Carousel\" dir=\"ltr\" data-no-translation-aria-label=\"\">\n\t\t\t<div class=\"elementor-image-carousel swiper-wrapper\" aria-live=\"off\">\n\t\t\t\t\t\t\t\t<div class=\"swiper-slide\" role=\"group\" aria-roledescription=\"slide\" aria-label=\"1 of 3\" data-no-translation-aria-label=\"\"><figure class=\"swiper-slide-inner\"><img decoding=\"async\" class=\"swiper-slide-image\" src=\"https:\/\/explore.ifobl.com\/wp-content\/uploads\/2023\/07\/plane-wing.jpg\" alt=\"plane wing\" \/><\/figure><\/div><div class=\"swiper-slide\" role=\"group\" aria-roledescription=\"slide\" aria-label=\"2 of 3\" data-no-translation-aria-label=\"\"><figure class=\"swiper-slide-inner\"><img decoding=\"async\" class=\"swiper-slide-image\" src=\"https:\/\/explore.ifobl.com\/wp-content\/uploads\/2023\/07\/wind-wheels.jpg\" alt=\"wind wheels\" \/><\/figure><\/div><div class=\"swiper-slide\" role=\"group\" aria-roledescription=\"slide\" aria-label=\"3 of 3\" data-no-translation-aria-label=\"\"><figure class=\"swiper-slide-inner\"><img decoding=\"async\" class=\"swiper-slide-image\" src=\"https:\/\/explore.ifobl.com\/wp-content\/uploads\/2023\/07\/digitale-bewegung.jpg\" alt=\"digitale bewegung\" \/><\/figure><\/div>\t\t\t<\/div>\n\t\t\t\t\t\t\t\n\t\t\t\t\t\t\t\t\t<\/div>\n\t\t\t\t\t\t<\/div>\n\t\t\t\t<\/div>\n\t\t\t\t\t<\/div>\n\t\t<\/div>\n\t\t\t\t\t<\/div>\n\t\t<\/section>\n\t\t\t\t<section class=\"elementor-section elementor-top-section elementor-element elementor-element-329af972 elementor-section-boxed elementor-section-height-default elementor-section-height-default\" data-id=\"329af972\" data-element_type=\"section\" data-e-type=\"section\">\n\t\t\t\t\t\t<div class=\"elementor-container elementor-column-gap-default\">\n\t\t\t\t\t<div class=\"elementor-column elementor-col-100 elementor-top-column elementor-element elementor-element-2438a87\" data-id=\"2438a87\" data-element_type=\"column\" data-e-type=\"column\">\n\t\t\t<div class=\"elementor-widget-wrap elementor-element-populated\">\n\t\t\t\t\t\t<div class=\"elementor-element elementor-element-6dc63128 elementor-widget elementor-widget-text-editor\" data-id=\"6dc63128\" data-element_type=\"widget\" data-e-type=\"widget\" data-widget_type=\"text-editor.default\">\n\t\t\t\t<div class=\"elementor-widget-container\">\n\t\t\t\t\t\t\t\t\t\n<p>Whether standard exam preparation or a niche topic - we know the training courses and possible certifications inside out thanks to decades of experience. Save yourself, the HR department and above all the employees from endless research in the jungle of offers.<\/p>\n\n<p>Our managed training services are as lean or as comprehensive as you want. We take over the organization of individual training needs up to the complete solution of a strategic personnel development.<\/p>\n\n<p>For individual needs, we act like a travel agency that would support you on business trips - cost-optimized in compliance with your procurement regulations and without a service surcharge.<\/p>\n\n<p>You can be assured that your employees will receive the training they need and that only excellent lecturers and providers will be engaged.<\/p>\n\n<p>Questions about final certificates, the most suitable standard, the most renowned providers, the most experienced lecturers or finally about the conditions (including material and examination fees?) are a thing of the past. This time and energy can be used again to add value.<\/p>\n\n<p>Contact us now and see for yourself.<\/p>\n\n<div style=\"height: 50px;\" aria-hidden=\"true\" class=\"wp-block-spacer\"><\/div>\n\t\t\t\t\t\t\t\t<\/div>\n\t\t\t\t<\/div>\n\t\t\t\t\t<\/div>\n\t\t<\/div>\n\t\t\t\t\t<\/div>\n\t\t<\/section>\n\t\t\t\t<\/div>","protected":false},"excerpt":{"rendered":"<p>Lagern Sie die Organisation von F\u00fchrungskr\u00e4ftetrainings aus Gleich ob Standardpr\u00fcfungsvorbereitung oder Nischenthema &#8211; wir kennen die Schulungsangebote und m\u00f6gliche Zertifizierungen durch jahrzehntelange Erfahrung in- und auswendig. Ersparen Sie sich selbst, der HR-Abteilung und vor allem den Mitarbeiterinnen und Mitarbeitern die endlose Recherche im Angebotsdschungel. Unsere Managed Training Services sind so [&hellip;]<\/p>","protected":false},"author":1,"featured_media":0,"parent":0,"menu_order":0,"comment_status":"closed","ping_status":"closed","template":"","meta":{"footnotes":""},"class_list":["post-372","page","type-page","status-publish","hentry"],"_links":{"self":[{"href":"https:\/\/explore.ifobl.com\/en\/wp-json\/wp\/v2\/pages\/372","targetHints":{"allow":["GET"]}}],"collection":[{"href":"https:\/\/explore.ifobl.com\/en\/wp-json\/wp\/v2\/pages"}],"about":[{"href":"https:\/\/explore.ifobl.com\/en\/wp-json\/wp\/v2\/types\/page"}],"author":[{"embeddable":true,"href":"https:\/\/explore.ifobl.com\/en\/wp-json\/wp\/v2\/users\/1"}],"replies":[{"embeddable":true,"href":"https:\/\/explore.ifobl.com\/en\/wp-json\/wp\/v2\/comments?post=372"}],"version-history":[{"count":52,"href":"https:\/\/explore.ifobl.com\/en\/wp-json\/wp\/v2\/pages\/372\/revisions"}],"predecessor-version":[{"id":980,"href":"https:\/\/explore.ifobl.com\/en\/wp-json\/wp\/v2\/pages\/372\/revisions\/980"}],"wp:attachment":[{"href":"https:\/\/explore.ifobl.com\/en\/wp-json\/wp\/v2\/media?parent=372"}],"curies":[{"name":"wp","href":"https:\/\/api.w.org\/{rel}","templated":true}]}}