{"id":1069,"date":"2023-08-18T10:30:45","date_gmt":"2023-08-18T10:30:45","guid":{"rendered":"https:\/\/explore.ifobl.com\/?page_id=1069"},"modified":"2023-08-22T17:46:07","modified_gmt":"2023-08-22T17:46:07","slug":"design-thinking","status":"publish","type":"page","link":"https:\/\/explore.ifobl.com\/en\/standard-trainings\/design-thinking\/","title":{"rendered":"Design Thinking"},"content":{"rendered":"<div data-elementor-type=\"wp-page\" data-elementor-id=\"1069\" class=\"elementor elementor-1069\" data-elementor-post-type=\"page\">\n\t\t\t\t\t\t<section class=\"elementor-section elementor-top-section elementor-element elementor-element-2cae6a3 elementor-section-boxed elementor-section-height-default elementor-section-height-default\" data-id=\"2cae6a3\" data-element_type=\"section\" data-e-type=\"section\">\n\t\t\t\t\t\t<div class=\"elementor-container elementor-column-gap-default\">\n\t\t\t\t\t<div class=\"elementor-column elementor-col-100 elementor-top-column elementor-element elementor-element-229dd1a6\" data-id=\"229dd1a6\" data-element_type=\"column\" data-e-type=\"column\">\n\t\t\t<div class=\"elementor-widget-wrap elementor-element-populated\">\n\t\t\t\t\t\t<div class=\"elementor-element elementor-element-5dff6ae2 elementor-widget elementor-widget-text-editor\" data-id=\"5dff6ae2\" data-element_type=\"widget\" data-e-type=\"widget\" data-widget_type=\"text-editor.default\">\n\t\t\t\t<div class=\"elementor-widget-container\">\n\t\t\t\t\t\t\t\t\t\n<h2>Solving problems, inventing new things, driving innovations - thinking like inventors through Design Thinking<\/h2>\n\n<p>Design Thinking ist ein kreativer Innovationsprozess und Ansatz zur Probleml\u00f6sung, der sich auf die Bed\u00fcrfnisse und W\u00fcnsche der Benutzer, insbesondere der Kunden, konzentriert. Es handelt sich um einen iterativen Prozess, der in verschiedenen Phasen durchlaufen wird, um innovative L\u00f6sungen f\u00fcr komplexe Probleme zu entwickeln: \u201eDenken wie Erfinder\u201c<br \/>Der Ansatz wurde urspr\u00fcnglich im Bereich des Produktdesigns entwickelt, ist jedoch f\u00fcr verschiedene Bereiche n\u00fctzlich und inzwischen etabliert, z.B. Technologie, Bildung und Sozialwissenschaften.<br \/>Design Thinking ist eine Abfolge von Schritten, mit denen eine m\u00f6glichst diverse Gruppe systematisch ein Problem innovativ l\u00f6st oder eine komplett neue Erfindung macht. Dabei werden m\u00f6glichst viele Perspektiven, insbesondere die der (zuk\u00fcnftigen) Anwender, Nutzer oder Kunden ber\u00fccksichtigt und getestet.<br \/>Es ist jedoch mehr als nur eine Anleitung, um Neues zu entwickeln. Design Thinking ist eine grundlegende Haltung, ein Mindset, das auf Offenheit basiert.<\/p>\n<p><img fetchpriority=\"high\" decoding=\"async\" src=\"http:\/\/explore.ifobl.com\/wp-content\/uploads\/2023\/08\/Ideas-282x300.jpg\" alt=\"\" width=\"282\" height=\"300\" class=\"aligncenter wp-image-1091 size-medium\" srcset=\"https:\/\/explore.ifobl.com\/wp-content\/uploads\/2023\/08\/Ideas-282x300.jpg 282w, https:\/\/explore.ifobl.com\/wp-content\/uploads\/2023\/08\/Ideas-11x12.jpg 11w, https:\/\/explore.ifobl.com\/wp-content\/uploads\/2023\/08\/Ideas.jpg 640w\" sizes=\"(max-width: 282px) 100vw, 282px\" \/><\/p>\n<p>Es gibt verschiedene Einteilungen und Bezeichnungen der Schritte des Gesamtprozesses. Im Kern sind die grundlegenden Phasen des Design Thinking-Prozesses:<\/p>\n<p><strong>1st area: focus on the problem (\u201cproblem space\u201d)<\/strong><\/p>\n<ul>\n<li>Understand: Gathering information, observing user behavior, and delving deeply into user needs and challenges to understand the problem from the user's perspective.<\/li>\n<li>Empathize: Deepen understanding through interviews with potential users, customers.<\/li>\n<li>Define: Precise definition of the problem based on the information gathered from the understanding phase. It is about focusing on certain aspects of the problem and setting clear goals for the solution development.<\/li>\n<\/ul>\n<p><strong>2nd area: finding a solution (\u201csolution space\u201d)<\/strong><\/p>\n<ul>\n<li>Ideate: In this phase, creative ideas are generated to solve the problem. Various approaches, concepts and possible solutions are developed without being limited to feasibility or implementation.<\/li>\n<li>Prototype development: The best ideas are turned into prototypes or models that give a tangible idea of \u200b\u200bthe solution. These prototypes can come in a variety of forms, such as physical models, sketches, or simulations.<\/li>\n<li>Testing: The prototypes are tested with the users and their feedback is obtained. This helps to identify strengths and weaknesses of the solutions and make adjustments.<\/li>\n<li>Implementation: Based on the feedback from the test phase, the solutions are further developed and refined. Finally, the developed solution is implemented and put into practice.<\/li>\n<\/ul>\n<p>The Design Thinking approach emphasizes collaboration, experimentation, openness to different perspectives and continuous improvement. It aims to bring forth innovative and user-centric solutions by focusing on people's actual needs and utilizing iterative loops of idea development and validation.<\/p>\n\t\t\t\t\t\t\t\t<\/div>\n\t\t\t\t<\/div>\n\t\t\t\t\t<\/div>\n\t\t<\/div>\n\t\t\t\t\t<\/div>\n\t\t<\/section>\n\t\t\t\t<section class=\"elementor-section elementor-top-section elementor-element elementor-element-d00cfb6 elementor-section-boxed elementor-section-height-default elementor-section-height-default\" data-id=\"d00cfb6\" data-element_type=\"section\" data-e-type=\"section\">\n\t\t\t\t\t\t<div class=\"elementor-container elementor-column-gap-default\">\n\t\t\t\t\t<div class=\"elementor-column elementor-col-100 elementor-top-column elementor-element elementor-element-73bf18f\" data-id=\"73bf18f\" data-element_type=\"column\" data-e-type=\"column\">\n\t\t\t<div class=\"elementor-widget-wrap elementor-element-populated\">\n\t\t\t\t\t\t<div class=\"elementor-element elementor-element-610eed8 elementor-widget elementor-widget-spacer\" data-id=\"610eed8\" data-element_type=\"widget\" data-e-type=\"widget\" data-widget_type=\"spacer.default\">\n\t\t\t\t<div class=\"elementor-widget-container\">\n\t\t\t\t\t\t\t<div class=\"elementor-spacer\">\n\t\t\t<div class=\"elementor-spacer-inner\"><\/div>\n\t\t<\/div>\n\t\t\t\t\t\t<\/div>\n\t\t\t\t<\/div>\n\t\t\t\t\t<\/div>\n\t\t<\/div>\n\t\t\t\t\t<\/div>\n\t\t<\/section>\n\t\t\t\t<section class=\"elementor-section elementor-top-section elementor-element elementor-element-25b933c elementor-section-boxed elementor-section-height-default elementor-section-height-default\" data-id=\"25b933c\" data-element_type=\"section\" data-e-type=\"section\">\n\t\t\t\t\t\t<div class=\"elementor-container elementor-column-gap-default\">\n\t\t\t\t\t<div class=\"elementor-column elementor-col-100 elementor-top-column elementor-element elementor-element-f729d3f\" data-id=\"f729d3f\" data-element_type=\"column\" data-e-type=\"column\">\n\t\t\t<div class=\"elementor-widget-wrap elementor-element-populated\">\n\t\t\t\t\t\t<div class=\"elementor-element elementor-element-e448570 elementor-tabs-view-horizontal elementor-widget elementor-widget-tabs\" data-id=\"e448570\" data-element_type=\"widget\" data-e-type=\"widget\" data-widget_type=\"tabs.default\">\n\t\t\t\t<div class=\"elementor-widget-container\">\n\t\t\t\t\t\t\t<div class=\"elementor-tabs\">\n\t\t\t<div class=\"elementor-tabs-wrapper\" role=\"tablist\" >\n\t\t\t\t\t\t\t\t\t<div id=\"elementor-tab-title-2391\" class=\"elementor-tab-title elementor-tab-desktop-title\" aria-selected=\"true\" data-tab=\"1\" role=\"tab\" tabindex=\"0\" aria-controls=\"elementor-tab-content-2391\" aria-expanded=\"false\">Outline<\/div>\n\t\t\t\t\t\t\t\t\t<div id=\"elementor-tab-title-2392\" class=\"elementor-tab-title elementor-tab-desktop-title\" aria-selected=\"false\" data-tab=\"2\" role=\"tab\" tabindex=\"-1\" aria-controls=\"elementor-tab-content-2392\" aria-expanded=\"false\">Prerequisites<\/div>\n\t\t\t\t\t\t\t\t\t<div id=\"elementor-tab-title-2393\" class=\"elementor-tab-title elementor-tab-desktop-title\" aria-selected=\"false\" data-tab=\"3\" role=\"tab\" tabindex=\"-1\" aria-controls=\"elementor-tab-content-2393\" aria-expanded=\"false\">Price<\/div>\n\t\t\t\t\t\t\t\t\t<div id=\"elementor-tab-title-2394\" class=\"elementor-tab-title elementor-tab-desktop-title\" aria-selected=\"false\" data-tab=\"4\" role=\"tab\" tabindex=\"-1\" aria-controls=\"elementor-tab-content-2394\" aria-expanded=\"false\">Request<\/div>\n\t\t\t\t\t\t\t<\/div>\n\t\t\t<div class=\"elementor-tabs-content-wrapper\" role=\"tablist\" aria-orientation=\"vertical\">\n\t\t\t\t\t\t\t\t\t<div class=\"elementor-tab-title elementor-tab-mobile-title\" aria-selected=\"true\" data-tab=\"1\" role=\"tab\" tabindex=\"0\" aria-controls=\"elementor-tab-content-2391\" aria-expanded=\"false\">Outline<\/div>\n\t\t\t\t\t<div id=\"elementor-tab-content-2391\" class=\"elementor-tab-content elementor-clearfix\" data-tab=\"1\" role=\"tabpanel\" aria-labelledby=\"elementor-tab-title-2391\" tabindex=\"0\" hidden=\"false\"><p>Introduction to Design Thinking: concept, background and meaning<\/p>\n<p><span style=\"text-decoration: underline;\">Problem Space<\/span><\/p>\n<ul>\n<li>The basics of empathy (understanding) and why empathy is important<\/li>\n<li>Methods for collecting user information: interviews, observations, persona<\/li>\n<li>Problem definition (definition)<\/li>\n<li>How to formulate a problem precisely<\/li>\n<li>Identifying user needs and challenges<\/li>\n<\/ul>\n<p><span style=\"text-decoration: underline;\">Solution Space<\/span><\/p>\n<ul>\n<li>Ideate<\/li>\n<li>Creativity techniques: brainstorming, mind mapping, generation of diverse ideas<\/li>\n<li>Prototyping<\/li>\n<li>Importance of prototypes<\/li>\n<li>Creation of simple prototypes: paper prototypes, sketches<\/li>\n<li>Introduction to the testing<\/li>\n<li>Why testing matters<\/li>\n<li>test planning and execution<\/li>\n<li>Evaluation of user feedback<\/li>\n<li>Iterative improvement of solutions<\/li>\n<li>Development of a final solution<\/li>\n<li>Implementation and integration planning<\/li>\n<\/ul>\n<p><\/p>\n<ul>\n<li>Application of design thinking to different areas<\/li>\n<li>Examples from business, technology, education<\/li>\n<li>Success factors and challenges when using design thinking<\/li>\n<li>Tips for successful application<\/li>\n<li>Dealing with uncertainty and failure<\/li>\n<\/ul><\/div>\n\t\t\t\t\t\t\t\t\t<div class=\"elementor-tab-title elementor-tab-mobile-title\" aria-selected=\"false\" data-tab=\"2\" role=\"tab\" tabindex=\"-1\" aria-controls=\"elementor-tab-content-2392\" aria-expanded=\"false\">Prerequisites<\/div>\n\t\t\t\t\t<div id=\"elementor-tab-content-2392\" class=\"elementor-tab-content elementor-clearfix\" data-tab=\"2\" role=\"tabpanel\" aria-labelledby=\"elementor-tab-title-2392\" tabindex=\"0\" hidden=\"hidden\"><p><strong>Prerequisites<\/strong><\/p>\n<ul>\n<li>There is no formal prerequisite.<\/li>\n<\/ul>\n<p><strong>Exam<\/strong><\/p>\n<ul>\n<li>On request, a recognized basic certificate can also be offered.<\/li>\n<\/ul>\n<ul><\/ul><\/div>\n\t\t\t\t\t\t\t\t\t<div class=\"elementor-tab-title elementor-tab-mobile-title\" aria-selected=\"false\" data-tab=\"3\" role=\"tab\" tabindex=\"-1\" aria-controls=\"elementor-tab-content-2393\" aria-expanded=\"false\">Price<\/div>\n\t\t\t\t\t<div id=\"elementor-tab-content-2393\" class=\"elementor-tab-content elementor-clearfix\" data-tab=\"3\" role=\"tabpanel\" aria-labelledby=\"elementor-tab-title-2393\" tabindex=\"0\" hidden=\"hidden\"><ul>\n<li>2 days of training and material: 1.295 \u20ac plus VAT\u00a0<\/li>\n<li>Individual Pricing for Inhouse Trainings<\/li>\n<\/ul><\/div>\n\t\t\t\t\t\t\t\t\t<div class=\"elementor-tab-title elementor-tab-mobile-title\" aria-selected=\"false\" data-tab=\"4\" role=\"tab\" tabindex=\"-1\" aria-controls=\"elementor-tab-content-2394\" aria-expanded=\"false\">Request<\/div>\n\t\t\t\t\t<div id=\"elementor-tab-content-2394\" class=\"elementor-tab-content elementor-clearfix\" data-tab=\"4\" role=\"tabpanel\" aria-labelledby=\"elementor-tab-title-2394\" tabindex=\"0\" hidden=\"hidden\"><p><div class=\"wpforms-container wpforms-container-full wpforms-render-modern\" id=\"wpforms-1111\"><form id=\"wpforms-form-1111\" class=\"wpforms-validate wpforms-form wpforms-ajax-form\" data-formid=\"1111\" method=\"post\" enctype=\"multipart\/form-data\" action=\"\/en\/standard-trainings\/design-thinking\/\" data-token=\"d00becf96bb2195b5abb850969a84b7e\" data-token-time=\"1775570709\" data-trp-original-action=\"\/en\/standard-trainings\/design-thinking\/\"><noscript class=\"wpforms-error-noscript\" data-no-translation=\"\" data-trp-gettext=\"\">Please enable JavaScript in your browser to complete this form.<\/noscript><div class=\"wpforms-hidden\" id=\"wpforms-error-noscript\" data-no-translation=\"\" data-trp-gettext=\"\">Please enable JavaScript in your browser to complete this form.<\/div><div class=\"wpforms-field-container\"><div id=\"wpforms-1111-field_3-container\" class=\"wpforms-field wpforms-field-radio wpforms-list-inline\" data-field-id=\"3\"><fieldset><legend class=\"wpforms-field-label\">Where?<\/legend><ul id=\"wpforms-1111-field_3\"><li class=\"choice-1 depth-1\"><input type=\"radio\" id=\"wpforms-1111-field_3_1\" name=\"wpforms[fields][3]\" value=\"Online\" aria-errormessage=\"wpforms-1111-field_3_1-error\"  ><label class=\"wpforms-field-label-inline\" for=\"wpforms-1111-field_3_1\">Online<\/label><\/li><li class=\"choice-2 depth-1\"><input type=\"radio\" id=\"wpforms-1111-field_3_2\" name=\"wpforms[fields][3]\" value=\"Inhouse\" aria-errormessage=\"wpforms-1111-field_3_2-error\"  ><label class=\"wpforms-field-label-inline\" for=\"wpforms-1111-field_3_2\">Inhouse<\/label><\/li><\/ul><\/fieldset><\/div><div id=\"wpforms-1111-field_4-container\" class=\"wpforms-field wpforms-field-text\" data-field-id=\"4\"><label class=\"wpforms-field-label\" for=\"wpforms-1111-field_4\">When?<\/label><input type=\"text\" id=\"wpforms-1111-field_4\" class=\"wpforms-field-medium\" name=\"wpforms[fields][4]\" placeholder=\"Your preferred date(s)\" aria-errormessage=\"wpforms-1111-field_4-error\" ><\/div><div id=\"wpforms-1111-field_7-container\" class=\"wpforms-field wpforms-field-checkbox wpforms-list-inline\" data-field-id=\"7\"><fieldset><legend class=\"wpforms-field-label\">Number of participants?<\/legend><ul id=\"wpforms-1111-field_7\" data-choice-limit=\"1\"><li class=\"choice-1 depth-1\"><input type=\"checkbox\" id=\"wpforms-1111-field_7_1\" data-rule-check-limit=\"true\" name=\"wpforms[fields][7][]\" value=\"1\" aria-errormessage=\"wpforms-1111-field_7_1-error\"  ><label class=\"wpforms-field-label-inline\" for=\"wpforms-1111-field_7_1\">1<\/label><\/li><li class=\"choice-2 depth-1\"><input type=\"checkbox\" id=\"wpforms-1111-field_7_2\" data-rule-check-limit=\"true\" name=\"wpforms[fields][7][]\" value=\"2\" aria-errormessage=\"wpforms-1111-field_7_2-error\"  ><label class=\"wpforms-field-label-inline\" for=\"wpforms-1111-field_7_2\">2<\/label><\/li><li class=\"choice-3 depth-1\"><input type=\"checkbox\" id=\"wpforms-1111-field_7_3\" data-rule-check-limit=\"true\" name=\"wpforms[fields][7][]\" value=\"3\" aria-errormessage=\"wpforms-1111-field_7_3-error\"  ><label class=\"wpforms-field-label-inline\" for=\"wpforms-1111-field_7_3\">3<\/label><\/li><li class=\"choice-4 depth-1\"><input type=\"checkbox\" id=\"wpforms-1111-field_7_4\" data-rule-check-limit=\"true\" name=\"wpforms[fields][7][]\" value=\"eine Gruppe\" aria-errormessage=\"wpforms-1111-field_7_4-error\"  ><label class=\"wpforms-field-label-inline\" for=\"wpforms-1111-field_7_4\">a group<\/label><\/li><\/ul><\/fieldset><\/div><div id=\"wpforms-1111-field_0-container\" class=\"wpforms-field wpforms-field-name\" data-field-id=\"0\"><label class=\"wpforms-field-label\" for=\"wpforms-1111-field_0\">Name or company <span class=\"wpforms-required-label\" aria-hidden=\"true\">*<\/span><\/label><input type=\"text\" id=\"wpforms-1111-field_0\" class=\"wpforms-field-medium wpforms-field-required\" name=\"wpforms[fields][0]\" aria-errormessage=\"wpforms-1111-field_0-error\" required><\/div><div id=\"wpforms-1111-field_1-container\" class=\"wpforms-field wpforms-field-email\" data-field-id=\"1\"><label class=\"wpforms-field-label\" for=\"wpforms-1111-field_1\">E-Mail <span class=\"wpforms-required-label\" aria-hidden=\"true\">*<\/span><\/label><input type=\"email\" id=\"wpforms-1111-field_1\" class=\"wpforms-field-medium wpforms-field-required\" name=\"wpforms[fields][1]\" spellcheck=\"false\" aria-errormessage=\"wpforms-1111-field_1-error\" required><\/div><div id=\"wpforms-1111-field_2-container\" class=\"wpforms-field wpforms-field-textarea\" data-field-id=\"2\"><label class=\"wpforms-field-label\" for=\"wpforms-1111-field_2\">Comments<\/label><textarea id=\"wpforms-1111-field_2\" class=\"wpforms-field-medium\" name=\"wpforms[fields][2]\" placeholder=\"Which information shall we additionally consider?\" aria-errormessage=\"wpforms-1111-field_2-error\" ><\/textarea><\/div><div id=\"wpforms-1111-field_9-container\" class=\"wpforms-field wpforms-field-checkbox wpforms-list-inline\" data-field-id=\"9\"><fieldset><legend class=\"wpforms-field-label\">Data Privacy <span class=\"wpforms-required-label\" aria-hidden=\"true\">*<\/span><\/legend><ul id=\"wpforms-1111-field_9\" class=\"wpforms-field-required wpforms-icon-choices wpforms-icon-choices-default wpforms-icon-choices-small\" style=\"--wpforms-icon-choices-color: #000000;\"><li class=\"choice-1 depth-1 wpforms-icon-choices-item\"><label class=\"wpforms-field-label-inline\" for=\"wpforms-1111-field_9_1\">\n\t\t\t\t<span class=\"wpforms-icon-choices-icon\">\n\t\t\t\t\t<svg xmlns=\"http:\/\/www.w3.org\/2000\/svg\" width=\"40\" height=\"32px\" viewbox=\"0 0 448 512\"><!--! Font Awesome Free 6.4.0 by @fontawesome - https:\/\/fontawesome.com License - https:\/\/fontawesome.com\/license\/free (Icons: CC BY 4.0, Fonts: SIL OFL 1.1, Code: MIT License) Copyright 2023 Fonticons, Inc. --><path d=\"M448 80v48c0 44.2-100.3 80-224 80S0 172.2 0 128V80C0 35.8 100.3 0 224 0S448 35.8 448 80zM393.2 214.7c20.8-7.4 39.9-16.9 54.8-28.6V288c0 44.2-100.3 80-224 80S0 332.2 0 288V186.1c14.9 11.8 34 21.2 54.8 28.6C99.7 230.7 159.5 240 224 240s124.3-9.3 169.2-25.3zM0 346.1c14.9 11.8 34 21.2 54.8 28.6C99.7 390.7 159.5 400 224 400s124.3-9.3 169.2-25.3c20.8-7.4 39.9-16.9 54.8-28.6V432c0 44.2-100.3 80-224 80S0 476.2 0 432V346.1z\"\/><\/svg>\n\t\t\t\t\t<span class=\"wpforms-icon-choices-icon-bg\"><\/span>\n\t\t\t\t<\/span>\n\t\t\t\t<input type=\"checkbox\" id=\"wpforms-1111-field_9_1\" class=\"wpforms-screen-reader-element\" name=\"wpforms[fields][9][]\" value=\"Zustimmung\" aria-errormessage=\"wpforms-1111-field_9_1-error\" aria-describedby=\"wpforms-1111-field_9-description\" required>\n\t\t\t\t<span class=\"wpforms-icon-choices-label\">Confirmation<\/span>\n\t\t\t<\/label><\/li><\/ul><div id=\"wpforms-1111-field_9-description\" class=\"wpforms-field-description translation-block\">I read the <a href=\"https:\/\/explore.ifobl.com\/en\/datenschutz\/\" target=\"blank\">Data Privacy Information<\/a>  and I accept that my data are used in the described way to handle my request.<\/div><\/fieldset><\/div><\/div><!-- .wpforms-field-container --><div class=\"wpforms-submit-container\" ><input type=\"hidden\" name=\"wpforms[id]\" value=\"1111\"><input type=\"hidden\" name=\"page_title\" value=\"Design Thinking\"><input type=\"hidden\" name=\"page_url\" value=\"https:\/\/explore.ifobl.com\/en\/standard-trainings\/design-thinking\/\"><input type=\"hidden\" name=\"page_id\" value=\"1069\"><input type=\"hidden\" name=\"wpforms[post_id]\" value=\"1069\"><button type=\"submit\" name=\"wpforms[submit]\" id=\"wpforms-submit-1111\" class=\"wpforms-submit\" data-alt-text=\"Senden\u2026\" data-submit-text=\"Absenden\" aria-live=\"assertive\" value=\"wpforms-submit\">Send<\/button><img decoding=\"async\" src=\"https:\/\/explore.ifobl.com\/wp-content\/plugins\/wpforms-lite\/assets\/images\/submit-spin.svg\" class=\"wpforms-submit-spinner\" style=\"display: none;\" width=\"26\" height=\"26\" alt=\"Loading\" data-no-translation-alt=\"\"><\/div><input type=\"hidden\" name=\"trp-form-language\" value=\"en\"\/><\/form><\/div>  <!-- .wpforms-container --><\/p><\/div>\n\t\t\t\t\t\t\t<\/div>\n\t\t<\/div>\n\t\t\t\t\t\t<\/div>\n\t\t\t\t<\/div>\n\t\t\t\t\t<\/div>\n\t\t<\/div>\n\t\t\t\t\t<\/div>\n\t\t<\/section>\n\t\t\t\t<section class=\"elementor-section elementor-top-section elementor-element elementor-element-dfef21a elementor-section-boxed elementor-section-height-default elementor-section-height-default\" data-id=\"dfef21a\" data-element_type=\"section\" data-e-type=\"section\">\n\t\t\t\t\t\t<div class=\"elementor-container elementor-column-gap-default\">\n\t\t\t\t\t<div class=\"elementor-column elementor-col-100 elementor-top-column elementor-element elementor-element-4abb3a1\" data-id=\"4abb3a1\" data-element_type=\"column\" data-e-type=\"column\">\n\t\t\t<div class=\"elementor-widget-wrap elementor-element-populated\">\n\t\t\t\t\t\t<div class=\"elementor-element elementor-element-e9c3004 elementor-widget elementor-widget-spacer\" data-id=\"e9c3004\" data-element_type=\"widget\" data-e-type=\"widget\" data-widget_type=\"spacer.default\">\n\t\t\t\t<div class=\"elementor-widget-container\">\n\t\t\t\t\t\t\t<div class=\"elementor-spacer\">\n\t\t\t<div class=\"elementor-spacer-inner\"><\/div>\n\t\t<\/div>\n\t\t\t\t\t\t<\/div>\n\t\t\t\t<\/div>\n\t\t\t\t\t<\/div>\n\t\t<\/div>\n\t\t\t\t\t<\/div>\n\t\t<\/section>\n\t\t\t\t<\/div>","protected":false},"excerpt":{"rendered":"<p>Probleme l\u00f6sen, Neues erfinden, Innovationen vorantreiben &#8211; Denken wie Erfinder durch Design Thinking Design Thinking ist ein kreativer Innovationsprozess und Ansatz zur Probleml\u00f6sung, der sich auf die Bed\u00fcrfnisse und W\u00fcnsche der Benutzer, insbesondere der Kunden, konzentriert. Es handelt sich um einen iterativen Prozess, der in verschiedenen Phasen durchlaufen wird, um [&hellip;]<\/p>","protected":false},"author":1,"featured_media":0,"parent":49,"menu_order":1,"comment_status":"closed","ping_status":"closed","template":"","meta":{"footnotes":""},"class_list":["post-1069","page","type-page","status-publish","hentry"],"_links":{"self":[{"href":"https:\/\/explore.ifobl.com\/en\/wp-json\/wp\/v2\/pages\/1069","targetHints":{"allow":["GET"]}}],"collection":[{"href":"https:\/\/explore.ifobl.com\/en\/wp-json\/wp\/v2\/pages"}],"about":[{"href":"https:\/\/explore.ifobl.com\/en\/wp-json\/wp\/v2\/types\/page"}],"author":[{"embeddable":true,"href":"https:\/\/explore.ifobl.com\/en\/wp-json\/wp\/v2\/users\/1"}],"replies":[{"embeddable":true,"href":"https:\/\/explore.ifobl.com\/en\/wp-json\/wp\/v2\/comments?post=1069"}],"version-history":[{"count":35,"href":"https:\/\/explore.ifobl.com\/en\/wp-json\/wp\/v2\/pages\/1069\/revisions"}],"predecessor-version":[{"id":1120,"href":"https:\/\/explore.ifobl.com\/en\/wp-json\/wp\/v2\/pages\/1069\/revisions\/1120"}],"up":[{"embeddable":true,"href":"https:\/\/explore.ifobl.com\/en\/wp-json\/wp\/v2\/pages\/49"}],"wp:attachment":[{"href":"https:\/\/explore.ifobl.com\/en\/wp-json\/wp\/v2\/media?parent=1069"}],"curies":[{"name":"wp","href":"https:\/\/api.w.org\/{rel}","templated":true}]}}